{"id":19,"date":"2021-11-23T20:26:05","date_gmt":"2021-11-23T20:26:05","guid":{"rendered":"https:\/\/iridiologiaalinamesa.com\/?page_id=19"},"modified":"2022-01-11T20:01:17","modified_gmt":"2022-01-11T20:01:17","slug":"nuestros-productos","status":"publish","type":"page","link":"https:\/\/iridiologiaalinamesa.com\/index.php\/nuestros-productos\/","title":{"rendered":"Nuestros Productos"},"content":{"rendered":"\n<div class=\"wp-block-group\"><div class=\"wp-block-group__inner-container is-layout-flow wp-block-group-is-layout-flow\">\n<div class=\"wp-block-columns is-layout-flex wp-container-core-columns-is-layout-9d6595d7 wp-block-columns-is-layout-flex\">\n<div class=\"wp-block-column is-layout-flow wp-block-column-is-layout-flow\" style=\"flex-basis:50%\">\n<figure class=\"wp-block-image size-large is-resized is-style-rounded\"><img loading=\"lazy\" decoding=\"async\" src=\"https:\/\/iridiologiaalinamesa.com\/wp-content\/uploads\/2021\/11\/20211028_162614-586x1024.jpg\" alt=\"\" class=\"wp-image-23\" width=\"401\" height=\"701\" srcset=\"https:\/\/iridiologiaalinamesa.com\/wp-content\/uploads\/2021\/11\/20211028_162614-586x1024.jpg 586w, https:\/\/iridiologiaalinamesa.com\/wp-content\/uploads\/2021\/11\/20211028_162614-172x300.jpg 172w, https:\/\/iridiologiaalinamesa.com\/wp-content\/uploads\/2021\/11\/20211028_162614-768x1343.jpg 768w, https:\/\/iridiologiaalinamesa.com\/wp-content\/uploads\/2021\/11\/20211028_162614-879x1536.jpg 879w, https:\/\/iridiologiaalinamesa.com\/wp-content\/uploads\/2021\/11\/20211028_162614-1171x2048.jpg 1171w, https:\/\/iridiologiaalinamesa.com\/wp-content\/uploads\/2021\/11\/20211028_162614-1024x1790.jpg 1024w, https:\/\/iridiologiaalinamesa.com\/wp-content\/uploads\/2021\/11\/20211028_162614-618x1080.jpg 618w, https:\/\/iridiologiaalinamesa.com\/wp-content\/uploads\/2021\/11\/20211028_162614-scaled.jpg 1464w\" sizes=\"auto, (max-width: 401px) 100vw, 401px\" \/><\/figure>\n<\/div>\n\n\n\n<div class=\"wp-block-column is-vertically-aligned-center is-layout-flow wp-block-column-is-layout-flow\" style=\"flex-basis:50%\">\n<form target=\"paypal\" action=\"https:\/\/www.paypal.com\/cgi-bin\/webscr\" method=\"post\">\n<input type=\"hidden\" name=\"cmd\" value=\"_s-xclick\">\n<input type=\"hidden\" name=\"hosted_button_id\" value=\"W52337BY8Y5JA\">\n<input type=\"image\" src=\"https:\/\/www.paypalobjects.com\/es_XC\/i\/btn\/btn_cart_LG.gif\" border=\"0\" name=\"submit\" alt=\"PayPal, la forma m\u00e1s segura y r\u00e1pida de pagar en l\u00ednea.\">\n<img loading=\"lazy\" decoding=\"async\" alt=\"\" border=\"0\" src=\"https:\/\/www.paypalobjects.com\/es_XC\/i\/scr\/pixel.gif\" width=\"1\" height=\"1\">\n<\/form>\n<\/div>\n<\/div>\n<\/div><\/div>\n\n\n\n<div class=\"wp-block-columns are-vertically-aligned-center is-layout-flex wp-container-core-columns-is-layout-9d6595d7 wp-block-columns-is-layout-flex\">\n<div class=\"wp-block-column is-vertically-aligned-center is-layout-flow wp-block-column-is-layout-flow\" style=\"flex-basis:100%\">\n<div class=\"wp-block-group\"><div class=\"wp-block-group__inner-container is-layout-flow wp-block-group-is-layout-flow\">\n<div class=\"wp-block-columns is-layout-flex wp-container-core-columns-is-layout-9d6595d7 wp-block-columns-is-layout-flex\">\n<div class=\"wp-block-column is-layout-flow wp-block-column-is-layout-flow\">\n<figure class=\"wp-block-image size-large is-resized is-style-rounded\"><img loading=\"lazy\" decoding=\"async\" src=\"https:\/\/iridiologiaalinamesa.com\/wp-content\/uploads\/2021\/11\/20211028_162722-588x1024.jpg\" alt=\"\" class=\"wp-image-34\" width=\"405\" height=\"705\" srcset=\"https:\/\/iridiologiaalinamesa.com\/wp-content\/uploads\/2021\/11\/20211028_162722-588x1024.jpg 588w, https:\/\/iridiologiaalinamesa.com\/wp-content\/uploads\/2021\/11\/20211028_162722-172x300.jpg 172w, https:\/\/iridiologiaalinamesa.com\/wp-content\/uploads\/2021\/11\/20211028_162722-768x1336.jpg 768w, https:\/\/iridiologiaalinamesa.com\/wp-content\/uploads\/2021\/11\/20211028_162722-883x1536.jpg 883w, https:\/\/iridiologiaalinamesa.com\/wp-content\/uploads\/2021\/11\/20211028_162722-1177x2048.jpg 1177w, https:\/\/iridiologiaalinamesa.com\/wp-content\/uploads\/2021\/11\/20211028_162722-1024x1782.jpg 1024w, https:\/\/iridiologiaalinamesa.com\/wp-content\/uploads\/2021\/11\/20211028_162722-621x1080.jpg 621w, https:\/\/iridiologiaalinamesa.com\/wp-content\/uploads\/2021\/11\/20211028_162722-scaled.jpg 1471w\" sizes=\"auto, (max-width: 405px) 100vw, 405px\" \/><\/figure>\n<\/div>\n\n\n\n<div class=\"wp-block-column is-vertically-aligned-center is-layout-flow wp-block-column-is-layout-flow\">\n<form target=\"paypal\" action=\"https:\/\/www.paypal.com\/cgi-bin\/webscr\" method=\"post\">\n<input type=\"hidden\" name=\"cmd\" value=\"_s-xclick\">\n<input type=\"hidden\" name=\"hosted_button_id\" value=\"8ZYHC6PCYVEGS\">\n<input type=\"image\" src=\"https:\/\/www.paypalobjects.com\/es_XC\/i\/btn\/btn_cart_LG.gif\" border=\"0\" name=\"submit\" alt=\"PayPal, la forma m\u00e1s segura y r\u00e1pida de pagar en l\u00ednea.\">\n<img loading=\"lazy\" decoding=\"async\" alt=\"\" border=\"0\" src=\"https:\/\/www.paypalobjects.com\/es_XC\/i\/scr\/pixel.gif\" width=\"1\" height=\"1\">\n<\/form>\n<\/div>\n<\/div>\n\n\n\n<p><\/p>\n<\/div><\/div>\n<\/div>\n<\/div>\n\n\n\n<div class=\"wp-block-columns is-layout-flex wp-container-core-columns-is-layout-9d6595d7 wp-block-columns-is-layout-flex\">\n<div class=\"wp-block-column is-layout-flow wp-block-column-is-layout-flow\" style=\"flex-basis:50%\">\n<figure class=\"wp-block-image size-large is-resized is-style-rounded\"><img loading=\"lazy\" decoding=\"async\" src=\"https:\/\/iridiologiaalinamesa.com\/wp-content\/uploads\/2021\/11\/20211028_161710-1-693x1024.jpg\" alt=\"\" class=\"wp-image-27\" width=\"421\" height=\"622\" srcset=\"https:\/\/iridiologiaalinamesa.com\/wp-content\/uploads\/2021\/11\/20211028_161710-1-693x1024.jpg 693w, https:\/\/iridiologiaalinamesa.com\/wp-content\/uploads\/2021\/11\/20211028_161710-1-203x300.jpg 203w, https:\/\/iridiologiaalinamesa.com\/wp-content\/uploads\/2021\/11\/20211028_161710-1-768x1134.jpg 768w, https:\/\/iridiologiaalinamesa.com\/wp-content\/uploads\/2021\/11\/20211028_161710-1-1040x1536.jpg 1040w, https:\/\/iridiologiaalinamesa.com\/wp-content\/uploads\/2021\/11\/20211028_161710-1-1387x2048.jpg 1387w, https:\/\/iridiologiaalinamesa.com\/wp-content\/uploads\/2021\/11\/20211028_161710-1-1024x1512.jpg 1024w, https:\/\/iridiologiaalinamesa.com\/wp-content\/uploads\/2021\/11\/20211028_161710-1-731x1080.jpg 731w, https:\/\/iridiologiaalinamesa.com\/wp-content\/uploads\/2021\/11\/20211028_161710-1-scaled.jpg 1733w\" sizes=\"auto, (max-width: 421px) 100vw, 421px\" \/><\/figure>\n<\/div>\n<\/div>\n\n\n\n<div class=\"wp-block-columns is-layout-flex wp-container-core-columns-is-layout-9d6595d7 wp-block-columns-is-layout-flex\">\n<div class=\"wp-block-column is-layout-flow wp-block-column-is-layout-flow\" style=\"flex-basis:50%\">\n<figure class=\"wp-block-image size-large is-resized is-style-rounded\"><img loading=\"lazy\" decoding=\"async\" src=\"https:\/\/iridiologiaalinamesa.com\/wp-content\/uploads\/2021\/11\/20211028_162539-535x1024.jpg\" alt=\"\" class=\"wp-image-31\" width=\"388\" height=\"742\" srcset=\"https:\/\/iridiologiaalinamesa.com\/wp-content\/uploads\/2021\/11\/20211028_162539-535x1024.jpg 535w, https:\/\/iridiologiaalinamesa.com\/wp-content\/uploads\/2021\/11\/20211028_162539-157x300.jpg 157w, https:\/\/iridiologiaalinamesa.com\/wp-content\/uploads\/2021\/11\/20211028_162539-768x1469.jpg 768w, https:\/\/iridiologiaalinamesa.com\/wp-content\/uploads\/2021\/11\/20211028_162539-803x1536.jpg 803w, https:\/\/iridiologiaalinamesa.com\/wp-content\/uploads\/2021\/11\/20211028_162539-1070x2048.jpg 1070w, https:\/\/iridiologiaalinamesa.com\/wp-content\/uploads\/2021\/11\/20211028_162539-1024x1959.jpg 1024w, https:\/\/iridiologiaalinamesa.com\/wp-content\/uploads\/2021\/11\/20211028_162539-564x1080.jpg 564w, https:\/\/iridiologiaalinamesa.com\/wp-content\/uploads\/2021\/11\/20211028_162539-scaled.jpg 1338w\" sizes=\"auto, (max-width: 388px) 100vw, 388px\" \/><\/figure>\n\n\n\n<p><\/p>\n<\/div>\n\n\n\n<div class=\"wp-block-column is-layout-flow wp-block-column-is-layout-flow\"><\/div>\n\n\n\n<div class=\"wp-block-column is-vertically-aligned-center is-layout-flow wp-block-column-is-layout-flow\" style=\"flex-basis:50%\">\n<form target=\"paypal\" action=\"https:\/\/www.paypal.com\/cgi-bin\/webscr\" method=\"post\">\n<input type=\"hidden\" name=\"cmd\" value=\"_s-xclick\">\n<input type=\"hidden\" name=\"hosted_button_id\" value=\"686BCW5DT7GWC\">\n<input type=\"image\" src=\"https:\/\/www.paypalobjects.com\/es_XC\/i\/btn\/btn_cart_LG.gif\" border=\"0\" name=\"submit\" alt=\"PayPal, la forma m\u00e1s segura y r\u00e1pida de pagar en l\u00ednea.\">\n<img loading=\"lazy\" decoding=\"async\" alt=\"\" border=\"0\" src=\"https:\/\/www.paypalobjects.com\/es_XC\/i\/scr\/pixel.gif\" width=\"1\" height=\"1\">\n<\/form>\n<\/div>\n<\/div>\n\n\n\n<div class=\"wp-block-columns is-layout-flex wp-container-core-columns-is-layout-9d6595d7 wp-block-columns-is-layout-flex\">\n<div class=\"wp-block-column is-layout-flow wp-block-column-is-layout-flow\" style=\"flex-basis:100%\">\n<div class=\"wp-block-columns is-layout-flex wp-container-core-columns-is-layout-9d6595d7 wp-block-columns-is-layout-flex\">\n<div class=\"wp-block-column is-layout-flow wp-block-column-is-layout-flow\" style=\"flex-basis:50%\">\n<div class=\"wp-block-group\"><div class=\"wp-block-group__inner-container is-layout-flow wp-block-group-is-layout-flow\">\n<div class=\"wp-block-columns is-layout-flex wp-container-core-columns-is-layout-9d6595d7 wp-block-columns-is-layout-flex\">\n<div class=\"wp-block-column is-layout-flow wp-block-column-is-layout-flow\" style=\"flex-basis:100%\"><\/div>\n<\/div>\n<\/div><\/div>\n<\/div>\n\n\n\n<div class=\"wp-block-column is-layout-flow wp-block-column-is-layout-flow\" style=\"flex-basis:50%\"><\/div>\n<\/div>\n<\/div>\n<\/div>\n\n\n\n<div class=\"wp-block-columns is-layout-flex wp-container-core-columns-is-layout-9d6595d7 wp-block-columns-is-layout-flex\">\n<div class=\"wp-block-column is-layout-flow wp-block-column-is-layout-flow\" style=\"flex-basis:50%\">\n<figure class=\"wp-block-image size-large is-resized is-style-rounded\"><img loading=\"lazy\" decoding=\"async\" src=\"https:\/\/iridiologiaalinamesa.com\/wp-content\/uploads\/2021\/11\/20211028_162644-551x1024.jpg\" alt=\"\" class=\"wp-image-37\" width=\"421\" height=\"782\" srcset=\"https:\/\/iridiologiaalinamesa.com\/wp-content\/uploads\/2021\/11\/20211028_162644-551x1024.jpg 551w, https:\/\/iridiologiaalinamesa.com\/wp-content\/uploads\/2021\/11\/20211028_162644-162x300.jpg 162w, https:\/\/iridiologiaalinamesa.com\/wp-content\/uploads\/2021\/11\/20211028_162644-768x1427.jpg 768w, https:\/\/iridiologiaalinamesa.com\/wp-content\/uploads\/2021\/11\/20211028_162644-827x1536.jpg 827w, https:\/\/iridiologiaalinamesa.com\/wp-content\/uploads\/2021\/11\/20211028_162644-1103x2048.jpg 1103w, https:\/\/iridiologiaalinamesa.com\/wp-content\/uploads\/2021\/11\/20211028_162644-1024x1902.jpg 1024w, https:\/\/iridiologiaalinamesa.com\/wp-content\/uploads\/2021\/11\/20211028_162644-581x1080.jpg 581w, https:\/\/iridiologiaalinamesa.com\/wp-content\/uploads\/2021\/11\/20211028_162644-scaled.jpg 1378w\" sizes=\"auto, (max-width: 421px) 100vw, 421px\" \/><\/figure>\n<\/div>\n\n\n\n<div class=\"wp-block-column is-vertically-aligned-center is-layout-flow wp-block-column-is-layout-flow\" style=\"flex-basis:50%\">\n<form target=\"paypal\" action=\"https:\/\/www.paypal.com\/cgi-bin\/webscr\" method=\"post\">\n<input type=\"hidden\" name=\"cmd\" value=\"_s-xclick\">\n<input type=\"hidden\" name=\"hosted_button_id\" value=\"4LAC2F2UCC8JA\">\n<input type=\"image\" src=\"https:\/\/www.paypalobjects.com\/es_XC\/i\/btn\/btn_cart_LG.gif\" border=\"0\" name=\"submit\" alt=\"PayPal, la forma m\u00e1s segura y r\u00e1pida de pagar en l\u00ednea.\">\n<img loading=\"lazy\" decoding=\"async\" alt=\"\" border=\"0\" src=\"https:\/\/www.paypalobjects.com\/es_XC\/i\/scr\/pixel.gif\" width=\"1\" height=\"1\">\n<\/form>\n<\/div>\n<\/div>\n\n\n\n<div class=\"wp-block-columns is-layout-flex wp-container-core-columns-is-layout-9d6595d7 wp-block-columns-is-layout-flex\">\n<div class=\"wp-block-column is-layout-flow wp-block-column-is-layout-flow\" style=\"flex-basis:50%\">\n<figure class=\"wp-block-image size-large is-resized is-style-rounded\"><img loading=\"lazy\" decoding=\"async\" src=\"https:\/\/iridiologiaalinamesa.com\/wp-content\/uploads\/2021\/11\/20211028_162915-518x1024.jpg\" alt=\"\" class=\"wp-image-38\" width=\"404\" height=\"798\" srcset=\"https:\/\/iridiologiaalinamesa.com\/wp-content\/uploads\/2021\/11\/20211028_162915-518x1024.jpg 518w, https:\/\/iridiologiaalinamesa.com\/wp-content\/uploads\/2021\/11\/20211028_162915-152x300.jpg 152w, https:\/\/iridiologiaalinamesa.com\/wp-content\/uploads\/2021\/11\/20211028_162915-768x1519.jpg 768w, https:\/\/iridiologiaalinamesa.com\/wp-content\/uploads\/2021\/11\/20211028_162915-1035x2048.jpg 1035w, https:\/\/iridiologiaalinamesa.com\/wp-content\/uploads\/2021\/11\/20211028_162915-1024x2026.jpg 1024w, https:\/\/iridiologiaalinamesa.com\/wp-content\/uploads\/2021\/11\/20211028_162915-546x1080.jpg 546w, https:\/\/iridiologiaalinamesa.com\/wp-content\/uploads\/2021\/11\/20211028_162915-scaled.jpg 1294w\" sizes=\"auto, (max-width: 404px) 100vw, 404px\" \/><\/figure>\n<\/div>\n\n\n\n<div class=\"wp-block-column is-vertically-aligned-center is-layout-flow wp-block-column-is-layout-flow\" style=\"flex-basis:50%\">\n<form target=\"paypal\" action=\"https:\/\/www.paypal.com\/cgi-bin\/webscr\" method=\"post\">\n<input type=\"hidden\" name=\"cmd\" value=\"_s-xclick\">\n<input type=\"hidden\" name=\"hosted_button_id\" value=\"FJFVLCPA7JSL6\">\n<input type=\"image\" src=\"https:\/\/www.paypalobjects.com\/es_XC\/i\/btn\/btn_cart_LG.gif\" border=\"0\" name=\"submit\" alt=\"PayPal, la forma m\u00e1s segura y r\u00e1pida de pagar en l\u00ednea.\">\n<img loading=\"lazy\" decoding=\"async\" alt=\"\" border=\"0\" src=\"https:\/\/www.paypalobjects.com\/es_XC\/i\/scr\/pixel.gif\" width=\"1\" height=\"1\">\n<\/form>\n<\/div>\n<\/div>\n\n\n\n<div class=\"wp-block-columns is-layout-flex wp-container-core-columns-is-layout-9d6595d7 wp-block-columns-is-layout-flex\">\n<div class=\"wp-block-column is-layout-flow wp-block-column-is-layout-flow\" style=\"flex-basis:50%\">\n<figure class=\"wp-block-image size-large is-resized is-style-rounded\"><img loading=\"lazy\" decoding=\"async\" src=\"https:\/\/iridiologiaalinamesa.com\/wp-content\/uploads\/2021\/11\/20211028_162805-567x1024.jpg\" alt=\"\" class=\"wp-image-39\" width=\"419\" height=\"757\" srcset=\"https:\/\/iridiologiaalinamesa.com\/wp-content\/uploads\/2021\/11\/20211028_162805-567x1024.jpg 567w, https:\/\/iridiologiaalinamesa.com\/wp-content\/uploads\/2021\/11\/20211028_162805-166x300.jpg 166w, https:\/\/iridiologiaalinamesa.com\/wp-content\/uploads\/2021\/11\/20211028_162805-768x1387.jpg 768w, https:\/\/iridiologiaalinamesa.com\/wp-content\/uploads\/2021\/11\/20211028_162805-851x1536.jpg 851w, https:\/\/iridiologiaalinamesa.com\/wp-content\/uploads\/2021\/11\/20211028_162805-1134x2048.jpg 1134w, https:\/\/iridiologiaalinamesa.com\/wp-content\/uploads\/2021\/11\/20211028_162805-1024x1849.jpg 1024w, https:\/\/iridiologiaalinamesa.com\/wp-content\/uploads\/2021\/11\/20211028_162805-598x1080.jpg 598w, https:\/\/iridiologiaalinamesa.com\/wp-content\/uploads\/2021\/11\/20211028_162805-scaled.jpg 1418w\" sizes=\"auto, (max-width: 419px) 100vw, 419px\" \/><\/figure>\n<\/div>\n\n\n\n<div class=\"wp-block-column is-vertically-aligned-center is-layout-flow wp-block-column-is-layout-flow\" style=\"flex-basis:50%\">\n<form target=\"paypal\" action=\"https:\/\/www.paypal.com\/cgi-bin\/webscr\" method=\"post\">\n<input type=\"hidden\" name=\"cmd\" value=\"_s-xclick\">\n<input type=\"hidden\" name=\"hosted_button_id\" value=\"K3V3GCEQMD9NE\">\n<input type=\"image\" src=\"https:\/\/www.paypalobjects.com\/es_XC\/i\/btn\/btn_cart_LG.gif\" border=\"0\" name=\"submit\" alt=\"PayPal, la forma m\u00e1s segura y r\u00e1pida de pagar en l\u00ednea.\">\n<img loading=\"lazy\" decoding=\"async\" alt=\"\" border=\"0\" src=\"https:\/\/www.paypalobjects.com\/es_XC\/i\/scr\/pixel.gif\" width=\"1\" height=\"1\">\n<\/form> \n<\/div>\n<\/div>\n\n\n\n<div class=\"wp-block-columns is-layout-flex wp-container-core-columns-is-layout-9d6595d7 wp-block-columns-is-layout-flex\">\n<div class=\"wp-block-column is-layout-flow wp-block-column-is-layout-flow\" style=\"flex-basis:50%\">\n<figure class=\"wp-block-image size-large is-resized is-style-rounded\"><img loading=\"lazy\" decoding=\"async\" src=\"https:\/\/iridiologiaalinamesa.com\/wp-content\/uploads\/2021\/11\/20211028_162935-506x1024.jpg\" alt=\"\" class=\"wp-image-40\" width=\"420\" height=\"850\" srcset=\"https:\/\/iridiologiaalinamesa.com\/wp-content\/uploads\/2021\/11\/20211028_162935-506x1024.jpg 506w, https:\/\/iridiologiaalinamesa.com\/wp-content\/uploads\/2021\/11\/20211028_162935-148x300.jpg 148w, https:\/\/iridiologiaalinamesa.com\/wp-content\/uploads\/2021\/11\/20211028_162935-768x1554.jpg 768w, https:\/\/iridiologiaalinamesa.com\/wp-content\/uploads\/2021\/11\/20211028_162935-759x1536.jpg 759w, https:\/\/iridiologiaalinamesa.com\/wp-content\/uploads\/2021\/11\/20211028_162935-1012x2048.jpg 1012w, https:\/\/iridiologiaalinamesa.com\/wp-content\/uploads\/2021\/11\/20211028_162935-1024x2072.jpg 1024w, https:\/\/iridiologiaalinamesa.com\/wp-content\/uploads\/2021\/11\/20211028_162935-534x1080.jpg 534w, https:\/\/iridiologiaalinamesa.com\/wp-content\/uploads\/2021\/11\/20211028_162935-scaled.jpg 1265w\" sizes=\"auto, (max-width: 420px) 100vw, 420px\" \/><\/figure>\n<\/div>\n\n\n\n<div class=\"wp-block-column is-vertically-aligned-center is-layout-flow wp-block-column-is-layout-flow\" style=\"flex-basis:50%\">\n<form target=\"paypal\" action=\"https:\/\/www.paypal.com\/cgi-bin\/webscr\" method=\"post\">\n<input type=\"hidden\" name=\"cmd\" value=\"_s-xclick\">\n<input type=\"hidden\" name=\"hosted_button_id\" value=\"X9Q9RCCTS42EU\">\n<input type=\"image\" src=\"https:\/\/www.paypalobjects.com\/es_XC\/i\/btn\/btn_cart_LG.gif\" border=\"0\" name=\"submit\" alt=\"PayPal, la forma m\u00e1s segura y r\u00e1pida de pagar en l\u00ednea.\">\n<img loading=\"lazy\" decoding=\"async\" alt=\"\" border=\"0\" src=\"https:\/\/www.paypalobjects.com\/es_XC\/i\/scr\/pixel.gif\" width=\"1\" height=\"1\">\n<\/form> \n<\/div>\n<\/div>\n\n\n\n<div class=\"wp-block-columns is-layout-flex wp-container-core-columns-is-layout-9d6595d7 wp-block-columns-is-layout-flex\">\n<div class=\"wp-block-column is-layout-flow wp-block-column-is-layout-flow\" style=\"flex-basis:50%\">\n<figure class=\"wp-block-image size-large is-resized is-style-rounded\"><img loading=\"lazy\" decoding=\"async\" src=\"https:\/\/iridiologiaalinamesa.com\/wp-content\/uploads\/2021\/11\/20211028_163021-539x1024.jpg\" alt=\"\" class=\"wp-image-41\" width=\"420\" height=\"798\" srcset=\"https:\/\/iridiologiaalinamesa.com\/wp-content\/uploads\/2021\/11\/20211028_163021-539x1024.jpg 539w, https:\/\/iridiologiaalinamesa.com\/wp-content\/uploads\/2021\/11\/20211028_163021-158x300.jpg 158w, https:\/\/iridiologiaalinamesa.com\/wp-content\/uploads\/2021\/11\/20211028_163021-768x1459.jpg 768w, https:\/\/iridiologiaalinamesa.com\/wp-content\/uploads\/2021\/11\/20211028_163021-808x1536.jpg 808w, https:\/\/iridiologiaalinamesa.com\/wp-content\/uploads\/2021\/11\/20211028_163021-1078x2048.jpg 1078w, https:\/\/iridiologiaalinamesa.com\/wp-content\/uploads\/2021\/11\/20211028_163021-1024x1946.jpg 1024w, https:\/\/iridiologiaalinamesa.com\/wp-content\/uploads\/2021\/11\/20211028_163021-568x1080.jpg 568w, https:\/\/iridiologiaalinamesa.com\/wp-content\/uploads\/2021\/11\/20211028_163021-scaled.jpg 1347w\" sizes=\"auto, (max-width: 420px) 100vw, 420px\" \/><\/figure>\n<\/div>\n\n\n\n<div class=\"wp-block-column is-vertically-aligned-center is-layout-flow wp-block-column-is-layout-flow\" style=\"flex-basis:50%\">\n<form target=\"paypal\" action=\"https:\/\/www.paypal.com\/cgi-bin\/webscr\" method=\"post\">\n<input type=\"hidden\" name=\"cmd\" value=\"_s-xclick\">\n<input type=\"hidden\" name=\"hosted_button_id\" value=\"TNYTGQ5J6TXB6\">\n<input type=\"image\" src=\"https:\/\/www.paypalobjects.com\/es_XC\/i\/btn\/btn_cart_LG.gif\" border=\"0\" name=\"submit\" alt=\"PayPal, la forma m\u00e1s segura y r\u00e1pida de pagar en l\u00ednea.\">\n<img loading=\"lazy\" decoding=\"async\" alt=\"\" border=\"0\" src=\"https:\/\/www.paypalobjects.com\/es_XC\/i\/scr\/pixel.gif\" width=\"1\" height=\"1\">\n<\/form>\n<\/div>\n<\/div>\n\n\n\n<div class=\"wp-block-columns is-layout-flex wp-container-core-columns-is-layout-9d6595d7 wp-block-columns-is-layout-flex\">\n<div class=\"wp-block-column is-layout-flow wp-block-column-is-layout-flow\" style=\"flex-basis:50%\">\n<figure class=\"wp-block-image size-large is-resized is-style-rounded\"><img loading=\"lazy\" decoding=\"async\" src=\"https:\/\/iridiologiaalinamesa.com\/wp-content\/uploads\/2021\/11\/20211028_163102-626x1024.jpg\" alt=\"\" class=\"wp-image-42\" width=\"421\" height=\"689\" srcset=\"https:\/\/iridiologiaalinamesa.com\/wp-content\/uploads\/2021\/11\/20211028_163102-626x1024.jpg 626w, https:\/\/iridiologiaalinamesa.com\/wp-content\/uploads\/2021\/11\/20211028_163102-183x300.jpg 183w, https:\/\/iridiologiaalinamesa.com\/wp-content\/uploads\/2021\/11\/20211028_163102-768x1257.jpg 768w, https:\/\/iridiologiaalinamesa.com\/wp-content\/uploads\/2021\/11\/20211028_163102-938x1536.jpg 938w, https:\/\/iridiologiaalinamesa.com\/wp-content\/uploads\/2021\/11\/20211028_163102-1251x2048.jpg 1251w, https:\/\/iridiologiaalinamesa.com\/wp-content\/uploads\/2021\/11\/20211028_163102-1024x1676.jpg 1024w, https:\/\/iridiologiaalinamesa.com\/wp-content\/uploads\/2021\/11\/20211028_163102-660x1080.jpg 660w, https:\/\/iridiologiaalinamesa.com\/wp-content\/uploads\/2021\/11\/20211028_163102-scaled.jpg 1564w\" sizes=\"auto, (max-width: 421px) 100vw, 421px\" \/><\/figure>\n<\/div>\n\n\n\n<div class=\"wp-block-column is-vertically-aligned-center is-layout-flow wp-block-column-is-layout-flow\" style=\"flex-basis:50%\">\n<form target=\"paypal\" action=\"https:\/\/www.paypal.com\/cgi-bin\/webscr\" method=\"post\">\n<input type=\"hidden\" name=\"cmd\" value=\"_s-xclick\">\n<input type=\"hidden\" name=\"hosted_button_id\" value=\"RV8VBUUURB48A\">\n<input type=\"image\" src=\"https:\/\/www.paypalobjects.com\/es_XC\/i\/btn\/btn_cart_LG.gif\" border=\"0\" name=\"submit\" alt=\"PayPal, la forma m\u00e1s segura y r\u00e1pida de pagar en l\u00ednea.\">\n<img loading=\"lazy\" decoding=\"async\" alt=\"\" border=\"0\" src=\"https:\/\/www.paypalobjects.com\/es_XC\/i\/scr\/pixel.gif\" width=\"1\" height=\"1\">\n<\/form>\n<\/div>\n<\/div>\n\n\n\n<div class=\"wp-block-columns is-layout-flex wp-container-core-columns-is-layout-9d6595d7 wp-block-columns-is-layout-flex\">\n<div class=\"wp-block-column is-layout-flow wp-block-column-is-layout-flow\" style=\"flex-basis:50%\">\n<figure class=\"wp-block-image size-large is-resized is-style-rounded\"><img loading=\"lazy\" decoding=\"async\" src=\"https:\/\/iridiologiaalinamesa.com\/wp-content\/uploads\/2021\/11\/20211028_163136-632x1024.jpg\" alt=\"\" class=\"wp-image-43\" width=\"422\" height=\"684\" srcset=\"https:\/\/iridiologiaalinamesa.com\/wp-content\/uploads\/2021\/11\/20211028_163136-632x1024.jpg 632w, https:\/\/iridiologiaalinamesa.com\/wp-content\/uploads\/2021\/11\/20211028_163136-185x300.jpg 185w, https:\/\/iridiologiaalinamesa.com\/wp-content\/uploads\/2021\/11\/20211028_163136-768x1245.jpg 768w, https:\/\/iridiologiaalinamesa.com\/wp-content\/uploads\/2021\/11\/20211028_163136-947x1536.jpg 947w, https:\/\/iridiologiaalinamesa.com\/wp-content\/uploads\/2021\/11\/20211028_163136-1263x2048.jpg 1263w, https:\/\/iridiologiaalinamesa.com\/wp-content\/uploads\/2021\/11\/20211028_163136-1024x1660.jpg 1024w, https:\/\/iridiologiaalinamesa.com\/wp-content\/uploads\/2021\/11\/20211028_163136-666x1080.jpg 666w, https:\/\/iridiologiaalinamesa.com\/wp-content\/uploads\/2021\/11\/20211028_163136-scaled.jpg 1579w\" sizes=\"auto, (max-width: 422px) 100vw, 422px\" \/><\/figure>\n<\/div>\n\n\n\n<div class=\"wp-block-column is-layout-flow wp-block-column-is-layout-flow\" style=\"flex-basis:50%\"><\/div>\n<\/div>\n\n\n\n<div class=\"wp-block-columns is-layout-flex wp-container-core-columns-is-layout-9d6595d7 wp-block-columns-is-layout-flex\">\n<div class=\"wp-block-column is-layout-flow wp-block-column-is-layout-flow\" style=\"flex-basis:50%\">\n<figure class=\"wp-block-image size-large is-resized is-style-rounded\"><img loading=\"lazy\" decoding=\"async\" src=\"https:\/\/iridiologiaalinamesa.com\/wp-content\/uploads\/2021\/11\/20211028_162131-594x1024.jpg\" alt=\"\" class=\"wp-image-44\" width=\"421\" height=\"726\" srcset=\"https:\/\/iridiologiaalinamesa.com\/wp-content\/uploads\/2021\/11\/20211028_162131-594x1024.jpg 594w, https:\/\/iridiologiaalinamesa.com\/wp-content\/uploads\/2021\/11\/20211028_162131-174x300.jpg 174w, https:\/\/iridiologiaalinamesa.com\/wp-content\/uploads\/2021\/11\/20211028_162131-768x1323.jpg 768w, https:\/\/iridiologiaalinamesa.com\/wp-content\/uploads\/2021\/11\/20211028_162131-892x1536.jpg 892w, https:\/\/iridiologiaalinamesa.com\/wp-content\/uploads\/2021\/11\/20211028_162131-1189x2048.jpg 1189w, https:\/\/iridiologiaalinamesa.com\/wp-content\/uploads\/2021\/11\/20211028_162131-1024x1764.jpg 1024w, https:\/\/iridiologiaalinamesa.com\/wp-content\/uploads\/2021\/11\/20211028_162131-627x1080.jpg 627w, https:\/\/iridiologiaalinamesa.com\/wp-content\/uploads\/2021\/11\/20211028_162131-scaled.jpg 1486w\" sizes=\"auto, (max-width: 421px) 100vw, 421px\" \/><\/figure>\n<\/div>\n\n\n\n<div class=\"wp-block-column is-vertically-aligned-center is-layout-flow wp-block-column-is-layout-flow\" style=\"flex-basis:50%\">\n<form target=\"paypal\" action=\"https:\/\/www.paypal.com\/cgi-bin\/webscr\" method=\"post\">\n<input type=\"hidden\" name=\"cmd\" value=\"_s-xclick\">\n<input type=\"hidden\" name=\"hosted_button_id\" value=\"45Y6XD9YBCRRN\">\n<input type=\"image\" src=\"https:\/\/www.paypalobjects.com\/es_XC\/i\/btn\/btn_cart_LG.gif\" border=\"0\" name=\"submit\" alt=\"PayPal, la forma m\u00e1s segura y r\u00e1pida de pagar en l\u00ednea.\">\n<img loading=\"lazy\" decoding=\"async\" alt=\"\" border=\"0\" src=\"https:\/\/www.paypalobjects.com\/es_XC\/i\/scr\/pixel.gif\" width=\"1\" height=\"1\">\n<\/form>\n<\/div>\n<\/div>\n","protected":false},"excerpt":{"rendered":"","protected":false},"author":1,"featured_media":0,"parent":0,"menu_order":0,"comment_status":"closed","ping_status":"closed","template":"","meta":{"footnotes":""},"class_list":["post-19","page","type-page","status-publish","hentry"],"_links":{"self":[{"href":"https:\/\/iridiologiaalinamesa.com\/index.php\/wp-json\/wp\/v2\/pages\/19","targetHints":{"allow":["GET"]}}],"collection":[{"href":"https:\/\/iridiologiaalinamesa.com\/index.php\/wp-json\/wp\/v2\/pages"}],"about":[{"href":"https:\/\/iridiologiaalinamesa.com\/index.php\/wp-json\/wp\/v2\/types\/page"}],"author":[{"embeddable":true,"href":"https:\/\/iridiologiaalinamesa.com\/index.php\/wp-json\/wp\/v2\/users\/1"}],"replies":[{"embeddable":true,"href":"https:\/\/iridiologiaalinamesa.com\/index.php\/wp-json\/wp\/v2\/comments?post=19"}],"version-history":[{"count":20,"href":"https:\/\/iridiologiaalinamesa.com\/index.php\/wp-json\/wp\/v2\/pages\/19\/revisions"}],"predecessor-version":[{"id":79,"href":"https:\/\/iridiologiaalinamesa.com\/index.php\/wp-json\/wp\/v2\/pages\/19\/revisions\/79"}],"wp:attachment":[{"href":"https:\/\/iridiologiaalinamesa.com\/index.php\/wp-json\/wp\/v2\/media?parent=19"}],"curies":[{"name":"wp","href":"https:\/\/api.w.org\/{rel}","templated":true}]}}